{"id":31,"date":"2021-08-13T16:23:50","date_gmt":"2021-08-13T16:23:50","guid":{"rendered":"https:\/\/test.xn--costasoada-z9a.es\/?page_id=31"},"modified":"2022-08-16T12:31:13","modified_gmt":"2022-08-16T10:31:13","slug":"la-empresa","status":"publish","type":"page","link":"https:\/\/test.xn--costasoada-z9a.es\/index.php\/la-empresa\/","title":{"rendered":"La Empresa"},"content":{"rendered":"\t\t<div data-elementor-type=\"wp-page\" data-elementor-id=\"31\" class=\"elementor elementor-31\">\n\t\t\t\t\t\t\t\t\t<section class=\"elementor-section elementor-top-section elementor-element elementor-element-fea94d5 elementor-section-boxed elementor-section-height-default elementor-section-height-default\" data-id=\"fea94d5\" data-element_type=\"section\">\n\t\t\t\t\t\t<div class=\"elementor-container elementor-column-gap-default\">\n\t\t\t\t\t<div class=\"elementor-column elementor-col-33 elementor-top-column elementor-element elementor-element-10ccdb7\" data-id=\"10ccdb7\" data-element_type=\"column\">\n\t\t\t<div class=\"elementor-widget-wrap\">\n\t\t\t\t\t\t\t\t\t<\/div>\n\t\t<\/div>\n\t\t\t\t<div class=\"elementor-column elementor-col-33 elementor-top-column elementor-element elementor-element-5bc59d6\" data-id=\"5bc59d6\" data-element_type=\"column\">\n\t\t\t<div class=\"elementor-widget-wrap elementor-element-populated\">\n\t\t\t\t\t\t\t\t<div class=\"elementor-element elementor-element-0aec61d elementor-widget elementor-widget-image\" data-id=\"0aec61d\" data-element_type=\"widget\" data-widget_type=\"image.default\">\n\t\t\t\t<div class=\"elementor-widget-container\">\n\t\t\t<style>\/*! elementor - v3.15.0 - 09-08-2023 *\/\n.elementor-widget-image{text-align:center}.elementor-widget-image a{display:inline-block}.elementor-widget-image a img[src$=\".svg\"]{width:48px}.elementor-widget-image img{vertical-align:middle;display:inline-block}<\/style>\t\t\t\t\t\t\t\t\t\t\t\t<img loading=\"lazy\" decoding=\"async\" width=\"1024\" height=\"576\" src=\"https:\/\/test.xn--costasoada-z9a.es\/wp-content\/uploads\/2022\/06\/1-4-1024x576.jpeg\" class=\"attachment-large size-large wp-image-7422\" alt=\"\" srcset=\"https:\/\/test.xn--costasoada-z9a.es\/wp-content\/uploads\/2022\/06\/1-4-1024x576.jpeg 1024w, https:\/\/test.xn--costasoada-z9a.es\/wp-content\/uploads\/2022\/06\/1-4-300x169.jpeg 300w, https:\/\/test.xn--costasoada-z9a.es\/wp-content\/uploads\/2022\/06\/1-4-768x432.jpeg 768w, https:\/\/test.xn--costasoada-z9a.es\/wp-content\/uploads\/2022\/06\/1-4-1536x864.jpeg 1536w, https:\/\/test.xn--costasoada-z9a.es\/wp-content\/uploads\/2022\/06\/1-4-425x239.jpeg 425w, https:\/\/test.xn--costasoada-z9a.es\/wp-content\/uploads\/2022\/06\/1-4.jpeg 2048w\" sizes=\"auto, (max-width: 1024px) 100vw, 1024px\" \/>\t\t\t\t\t\t\t\t\t\t\t\t\t\t\t<\/div>\n\t\t\t\t<\/div>\n\t\t\t\t\t<\/div>\n\t\t<\/div>\n\t\t\t\t<div class=\"elementor-column elementor-col-33 elementor-top-column elementor-element elementor-element-f67cb97\" data-id=\"f67cb97\" data-element_type=\"column\">\n\t\t\t<div class=\"elementor-widget-wrap\">\n\t\t\t\t\t\t\t\t\t<\/div>\n\t\t<\/div>\n\t\t\t\t\t\t\t<\/div>\n\t\t<\/section>\n\t\t\t\t<section class=\"elementor-section elementor-top-section elementor-element elementor-element-132fff7 elementor-section-boxed elementor-section-height-default elementor-section-height-default\" data-id=\"132fff7\" data-element_type=\"section\">\n\t\t\t\t\t\t<div class=\"elementor-container elementor-column-gap-default\">\n\t\t\t\t\t<div class=\"elementor-column elementor-col-33 elementor-top-column elementor-element elementor-element-a9b6f69\" data-id=\"a9b6f69\" data-element_type=\"column\">\n\t\t\t<div class=\"elementor-widget-wrap\">\n\t\t\t\t\t\t\t\t\t<\/div>\n\t\t<\/div>\n\t\t\t\t<div class=\"elementor-column elementor-col-33 elementor-top-column elementor-element elementor-element-0947656\" data-id=\"0947656\" data-element_type=\"column\">\n\t\t\t<div class=\"elementor-widget-wrap elementor-element-populated\">\n\t\t\t\t\t\t\t\t<div class=\"elementor-element elementor-element-a73f4fd elementor-widget elementor-widget-text-editor\" data-id=\"a73f4fd\" data-element_type=\"widget\" data-widget_type=\"text-editor.default\">\n\t\t\t\t<div class=\"elementor-widget-container\">\n\t\t\t<style>\/*! elementor - v3.15.0 - 09-08-2023 *\/\n.elementor-widget-text-editor.elementor-drop-cap-view-stacked .elementor-drop-cap{background-color:#69727d;color:#fff}.elementor-widget-text-editor.elementor-drop-cap-view-framed .elementor-drop-cap{color:#69727d;border:3px solid;background-color:transparent}.elementor-widget-text-editor:not(.elementor-drop-cap-view-default) .elementor-drop-cap{margin-top:8px}.elementor-widget-text-editor:not(.elementor-drop-cap-view-default) .elementor-drop-cap-letter{width:1em;height:1em}.elementor-widget-text-editor .elementor-drop-cap{float:left;text-align:center;line-height:1;font-size:50px}.elementor-widget-text-editor .elementor-drop-cap-letter{display:inline-block}<\/style>\t\t\t\t<p style=\"color: white;\">La cooperaci\u00f3n activa con bancos, empresas de construcci\u00f3n e inversiones permite que Inmobiliaria CostaSo\u00f1ada-3DVirtualTour tenga en cuenta y promueva los intereses de los clientes de diferentes niveles sociales, para elegir las mejores solucionesa las necesidades de nuestros clientes actuales y futuros, para proporcionar un sistema de precios flexibles, diversos esquemas de hipotecas y pr\u00e9stamos combinados, proporcionan protecci\u00f3n legal y soporte para transacciones.\n<br> \nNuestro objetivo de bienes ra\u00edces es establecer propiedades en 3D como medio principal y realidad virtual (VR) para experimentar, compartir y volver a imaginar el mundo. Entendemos la importancia del marketing, creamos tecnolog\u00eda que ayuda a nuestros clientes a lograr la exposici\u00f3n que merecen.\n<br>\nNuestro servicio funciona 24\/7. La herramienta de marketing que ofrecemos es innovadora y permite caminar por la propiedad desde cualquier lugar del mundo, como si realmente estuvieses en la propiedad. Haciendo la visita a distancia. Los clientes potenciales pueden apreciar la propiedad desde cualquier lugar del mundo.\n<br>\nNosotros ofrecemos servicio Matterport &#8211; 3D Virtual Tour, totalmente gratuito para propietarios que quieren vender o alquilar exclusivamente a trav\u00e9s de nuestra inmobiliaria.\n<\/p>\t\t\t\t\t\t<\/div>\n\t\t\t\t<\/div>\n\t\t\t\t\t<\/div>\n\t\t<\/div>\n\t\t\t\t<div class=\"elementor-column elementor-col-33 elementor-top-column elementor-element elementor-element-4776bdc\" data-id=\"4776bdc\" data-element_type=\"column\">\n\t\t\t<div class=\"elementor-widget-wrap\">\n\t\t\t\t\t\t\t\t\t<\/div>\n\t\t<\/div>\n\t\t\t\t\t\t\t<\/div>\n\t\t<\/section>\n\t\t\t\t\t\t\t<\/div>\n\t\t","protected":false},"excerpt":{"rendered":"<p>La cooperaci\u00f3n activa con bancos, empresas de construcci\u00f3n e inversiones permite que Inmobiliaria CostaSo\u00f1ada-3DVirtualTour tenga en cuenta y promueva los intereses de los clientes de diferentes niveles sociales, para elegir las mejores solucionesa las necesidades de nuestros clientes actuales y futuros, para proporcionar un sistema de precios flexibles, diversos esquemas de hipotecas y pr\u00e9stamos combinados, proporcionan protecci\u00f3n legal y soporte para transacciones. Nuestro objetivo de bienes ra\u00edces es establecer propiedades en 3D como medio principal y realidad virtual (VR) para experimentar, compartir y volver a imaginar el mundo. Entendemos la importancia del marketing, creamos tecnolog\u00eda que ayuda a nuestros clientes a lograr la exposici\u00f3n que<a class=\"more-link\" href=\"https:\/\/test.xn--costasoada-z9a.es\/index.php\/la-empresa\/\"><span>Read More &rarr;<\/span><\/a><\/p>\n","protected":false},"author":3,"featured_media":0,"parent":0,"menu_order":0,"comment_status":"closed","ping_status":"closed","template":"elementor_header_footer","meta":{"om_disable_all_campaigns":false,"_monsterinsights_skip_tracking":false,"_monsterinsights_sitenote_active":false,"_monsterinsights_sitenote_note":"","_monsterinsights_sitenote_category":0,"footnotes":""},"class_list":["entry","author-3dvirtualtour","post-31","page","type-page","status-publish"],"aioseo_notices":[],"_links":{"self":[{"href":"https:\/\/test.xn--costasoada-z9a.es\/index.php\/wp-json\/wp\/v2\/pages\/31","targetHints":{"allow":["GET"]}}],"collection":[{"href":"https:\/\/test.xn--costasoada-z9a.es\/index.php\/wp-json\/wp\/v2\/pages"}],"about":[{"href":"https:\/\/test.xn--costasoada-z9a.es\/index.php\/wp-json\/wp\/v2\/types\/page"}],"author":[{"embeddable":true,"href":"https:\/\/test.xn--costasoada-z9a.es\/index.php\/wp-json\/wp\/v2\/users\/3"}],"replies":[{"embeddable":true,"href":"https:\/\/test.xn--costasoada-z9a.es\/index.php\/wp-json\/wp\/v2\/comments?post=31"}],"version-history":[{"count":78,"href":"https:\/\/test.xn--costasoada-z9a.es\/index.php\/wp-json\/wp\/v2\/pages\/31\/revisions"}],"predecessor-version":[{"id":8143,"href":"https:\/\/test.xn--costasoada-z9a.es\/index.php\/wp-json\/wp\/v2\/pages\/31\/revisions\/8143"}],"wp:attachment":[{"href":"https:\/\/test.xn--costasoada-z9a.es\/index.php\/wp-json\/wp\/v2\/media?parent=31"}],"curies":[{"name":"wp","href":"https:\/\/api.w.org\/{rel}","templated":true}]}}